{"id":251,"date":"2024-12-19T17:39:30","date_gmt":"2024-12-19T17:39:30","guid":{"rendered":"https:\/\/hidroorfao.pt\/?page_id=251"},"modified":"2024-12-19T17:41:29","modified_gmt":"2024-12-19T17:41:29","slug":"politica-de-qualidade","status":"publish","type":"page","link":"https:\/\/hidroorfao.pt\/en\/politica-de-qualidade\/","title":{"rendered":"Quality Policy"},"content":{"rendered":"<p>[et_pb_section fb_built=&#8221;1&#8243; _builder_version=&#8221;4.23.1&#8243; _module_preset=&#8221;default&#8221; global_colors_info=&#8221;{}&#8221; theme_builder_area=&#8221;post_content&#8221;][et_pb_row _builder_version=&#8221;4.23.1&#8243; _module_preset=&#8221;default&#8221; global_colors_info=&#8221;{}&#8221; theme_builder_area=&#8221;post_content&#8221;][et_pb_column type=&#8221;4_4&#8243; _builder_version=&#8221;4.23.1&#8243; _module_preset=&#8221;default&#8221; global_colors_info=&#8221;{}&#8221; theme_builder_area=&#8221;post_content&#8221;][et_pb_text _builder_version=&#8221;4.23.1&#8243; _module_preset=&#8221;default&#8221; text_font=&#8221;Montserrat|300|||||||&#8221; text_text_color=&#8221;gcid-5374058b-5515-4102-a43b-354d7cf847dc&#8221; header_font=&#8221;Montserrat|700|||||||&#8221; header_text_color=&#8221;gcid-e8093d5a-79da-47d2-92ff-732e79cb3494&#8243; header_font_size=&#8221;31px&#8221; hover_enabled=&#8221;0&#8243; global_colors_info=&#8221;{%22gcid-5374058b-5515-4102-a43b-354d7cf847dc%22:%91%22text_text_color%22%93,%22gcid-e8093d5a-79da-47d2-92ff-732e79cb3494%22:%91%22header_text_color%22%93}&#8221; theme_builder_area=&#8221;post_content&#8221; sticky_enabled=&#8221;0&#8243;]<\/p>\n<p>HIDRO ORF\u00c3O<\/p>\n<h1>Quality Policy<\/h1>\n<p>[\/et_pb_text][et_pb_text _builder_version=&#8221;4.23.1&#8243; _module_preset=&#8221;default&#8221; text_font=&#8221;Montserrat||||||||&#8221; text_text_color=&#8221;gcid-e8093d5a-79da-47d2-92ff-732e79cb3494&#8243; hover_enabled=&#8221;0&#8243; global_colors_info=&#8221;{%22gcid-e8093d5a-79da-47d2-92ff-732e79cb3494%22:%91%22text_text_color%22%93}&#8221; theme_builder_area=&#8221;post_content&#8221; sticky_enabled=&#8221;0&#8243;]<\/p>\n<p>The Quality Policy of Hidro Orf\u00e3o \u2013 Hydraulic Solutions Lda. is based on its Vision, Mission, and Values. It is guided by the satisfaction of the expectations of its customers, suppliers, and employees, with the goal of being recognized by them as the market Reference.<\/p>\n<p>At Hidro Orf\u00e3o, the pursuit of this Policy is based on the following principles:<\/p>\n<p>Commit to Quality by creating and maintaining a Quality Management System that ensures compliance with the requirements of the ISO 9001:2015 standard and that allows for the systematization of a set of simple and effective rules, easily achievable by all employees;<\/p>\n<p>Promote the well-being of its employees and their personal and professional development, providing them with the training and resources necessary for the proper execution of their tasks;<\/p>\n<p>Promover a motiva\u00e7\u00e3o e o envolvimento de todos os colaboradores da empresa no processo do sistema de gest\u00e3o;<\/p>\n<p>Encourage among the company's employees the capacity for initiative, teamwork, and technical competence, in service of a continuous improvement process for the services provided;<\/p>\n<p>Invest in process rationalization methodologies and focus on new technologies and better operational techniques that allow for the optimization of task execution and more efficient use of resources, adapting the tools provided to all;<\/p>\n<p>Continuously aim to increase competitiveness, ensuring ongoing adaptation to the evolution of the markets in which it operates or intends to operate in the future;<\/p>\n<p>Strengthen relationships with its customers and suppliers to better understand and meet their current and future needs and expectations, ensuring their full satisfaction and the fulfillment of established commitments and agreements;<\/p>\n<p>Fully comply with all applicable legal and regulatory requirements and observe general Occupational Health and Safety requirements;<\/p>\n<p>Promote environmental awareness among all employees and partners;<\/p>\n<p>The ultimate goal of this Quality Management System is to ensure that the versatility and quality of the services provided guarantee that Hidro Orf\u00e3o is the right partner in the development of innovative solutions.<\/p>\n<p>Leiria, May 3, 2016<\/p>\n<p>Jaime \u00d3rf\u00e3o<br \/>The Management<\/p>\n<p>Quality Policy \u2013 P1 M1 \u2013 v1.0<\/p>\n<p>&nbsp;<\/p>\n<p>[\/et_pb_text][\/et_pb_column][\/et_pb_row][\/et_pb_section]<\/p>","protected":false},"excerpt":{"rendered":"<p>HIDRO ORF\u00c3O Pol\u00edtica de QualidadeA Pol\u00edtica da Qualidade da Hidro Orf\u00e3o \u2013 Hydraulic Solutions Lda., tem por base a sua Vis\u00e3o, a sua Miss\u00e3o e os seus Valores, orienta-se pela satisfa\u00e7\u00e3o das expectativas dos seus clientes, fornecedores e colaboradores, na perspetiva de ser por eles reconhecida como A Refer\u00eancia do mercado. Na Hidro Orf\u00e3o, a [&hellip;]<\/p>","protected":false},"author":1,"featured_media":0,"parent":0,"menu_order":0,"comment_status":"closed","ping_status":"closed","template":"","meta":{"_et_pb_use_builder":"on","_et_pb_old_content":"","_et_gb_content_width":"","footnotes":""},"class_list":["post-251","page","type-page","status-publish","hentry"],"yoast_head":"<!-- This site is optimized with the Yoast SEO plugin v24.1 - https:\/\/yoast.com\/wordpress\/plugins\/seo\/ -->\n<title>Pol\u00edtica de Qualidade - Hidro Orf\u00e3o - Hydraulic Solutions<\/title>\n<meta name=\"robots\" content=\"index, follow, max-snippet:-1, max-image-preview:large, max-video-preview:-1\" \/>\n<link rel=\"canonical\" href=\"https:\/\/hidroorfao.pt\/en\/politica-de-qualidade\/\" \/>\n<meta property=\"og:locale\" content=\"en_GB\" \/>\n<meta property=\"og:type\" content=\"article\" \/>\n<meta property=\"og:title\" content=\"Pol\u00edtica de Qualidade - Hidro Orf\u00e3o - Hydraulic Solutions\" \/>\n<meta property=\"og:description\" content=\"HIDRO ORF\u00c3O Pol\u00edtica de QualidadeA Pol\u00edtica da Qualidade da Hidro Orf\u00e3o \u2013 Hydraulic Solutions Lda., tem por base a sua Vis\u00e3o, a sua Miss\u00e3o e os seus Valores, orienta-se pela satisfa\u00e7\u00e3o das expectativas dos seus clientes, fornecedores e colaboradores, na perspetiva de ser por eles reconhecida como A Refer\u00eancia do mercado. Na Hidro Orf\u00e3o, a [&hellip;]\" \/>\n<meta property=\"og:url\" content=\"https:\/\/hidroorfao.pt\/en\/politica-de-qualidade\/\" \/>\n<meta property=\"og:site_name\" content=\"Hidro Orf\u00e3o - Hydraulic Solutions\" \/>\n<meta property=\"article:modified_time\" content=\"2024-12-19T17:41:29+00:00\" \/>\n<meta name=\"twitter:card\" content=\"summary_large_image\" \/>\n<meta name=\"twitter:label1\" content=\"Estimated reading time\" \/>\n\t<meta name=\"twitter:data1\" content=\"3 minutes\" \/>\n<script type=\"application\/ld+json\" class=\"yoast-schema-graph\">{\"@context\":\"https:\/\/schema.org\",\"@graph\":[{\"@type\":\"WebPage\",\"@id\":\"https:\/\/hidroorfao.pt\/politica-de-qualidade\/\",\"url\":\"https:\/\/hidroorfao.pt\/politica-de-qualidade\/\",\"name\":\"Pol\u00edtica de Qualidade - Hidro Orf\u00e3o - Hydraulic Solutions\",\"isPartOf\":{\"@id\":\"https:\/\/hidroorfao.pt\/#website\"},\"datePublished\":\"2024-12-19T17:39:30+00:00\",\"dateModified\":\"2024-12-19T17:41:29+00:00\",\"breadcrumb\":{\"@id\":\"https:\/\/hidroorfao.pt\/politica-de-qualidade\/#breadcrumb\"},\"inLanguage\":\"en-GB\",\"potentialAction\":[{\"@type\":\"ReadAction\",\"target\":[\"https:\/\/hidroorfao.pt\/politica-de-qualidade\/\"]}]},{\"@type\":\"BreadcrumbList\",\"@id\":\"https:\/\/hidroorfao.pt\/politica-de-qualidade\/#breadcrumb\",\"itemListElement\":[{\"@type\":\"ListItem\",\"position\":1,\"name\":\"In\u00edcio\",\"item\":\"https:\/\/hidroorfao.pt\/\"},{\"@type\":\"ListItem\",\"position\":2,\"name\":\"Pol\u00edtica de Qualidade\"}]},{\"@type\":\"WebSite\",\"@id\":\"https:\/\/hidroorfao.pt\/#website\",\"url\":\"https:\/\/hidroorfao.pt\/\",\"name\":\"Hidro Orf\u00e3o - Hydraulic Solutions\",\"description\":\"Empresa especializada \u00f3leo-hidr\u00e1ulica\",\"publisher\":{\"@id\":\"https:\/\/hidroorfao.pt\/#organization\"},\"potentialAction\":[{\"@type\":\"SearchAction\",\"target\":{\"@type\":\"EntryPoint\",\"urlTemplate\":\"https:\/\/hidroorfao.pt\/?s={search_term_string}\"},\"query-input\":{\"@type\":\"PropertyValueSpecification\",\"valueRequired\":true,\"valueName\":\"search_term_string\"}}],\"inLanguage\":\"en-GB\"},{\"@type\":\"Organization\",\"@id\":\"https:\/\/hidroorfao.pt\/#organization\",\"name\":\"Hidro Orf\u00e3o - Hydraulic Solutions\",\"url\":\"https:\/\/hidroorfao.pt\/\",\"logo\":{\"@type\":\"ImageObject\",\"inLanguage\":\"en-GB\",\"@id\":\"https:\/\/hidroorfao.pt\/#\/schema\/logo\/image\/\",\"url\":\"https:\/\/hidroorfao.pt\/wp-content\/uploads\/2024\/12\/hidro-orfao-webstore-logo-1458256392-1.png\",\"contentUrl\":\"https:\/\/hidroorfao.pt\/wp-content\/uploads\/2024\/12\/hidro-orfao-webstore-logo-1458256392-1.png\",\"width\":224,\"height\":83,\"caption\":\"Hidro Orf\u00e3o - Hydraulic Solutions\"},\"image\":{\"@id\":\"https:\/\/hidroorfao.pt\/#\/schema\/logo\/image\/\"}}]}<\/script>\n<!-- \/ Yoast SEO plugin. -->","yoast_head_json":{"title":"Pol\u00edtica de Qualidade - Hidro Orf\u00e3o - Hydraulic Solutions","robots":{"index":"index","follow":"follow","max-snippet":"max-snippet:-1","max-image-preview":"max-image-preview:large","max-video-preview":"max-video-preview:-1"},"canonical":"https:\/\/hidroorfao.pt\/en\/politica-de-qualidade\/","og_locale":"en_GB","og_type":"article","og_title":"Pol\u00edtica de Qualidade - Hidro Orf\u00e3o - Hydraulic Solutions","og_description":"HIDRO ORF\u00c3O Pol\u00edtica de QualidadeA Pol\u00edtica da Qualidade da Hidro Orf\u00e3o \u2013 Hydraulic Solutions Lda., tem por base a sua Vis\u00e3o, a sua Miss\u00e3o e os seus Valores, orienta-se pela satisfa\u00e7\u00e3o das expectativas dos seus clientes, fornecedores e colaboradores, na perspetiva de ser por eles reconhecida como A Refer\u00eancia do mercado. Na Hidro Orf\u00e3o, a [&hellip;]","og_url":"https:\/\/hidroorfao.pt\/en\/politica-de-qualidade\/","og_site_name":"Hidro Orf\u00e3o - Hydraulic Solutions","article_modified_time":"2024-12-19T17:41:29+00:00","twitter_card":"summary_large_image","twitter_misc":{"Estimated reading time":"3 minutes"},"schema":{"@context":"https:\/\/schema.org","@graph":[{"@type":"WebPage","@id":"https:\/\/hidroorfao.pt\/politica-de-qualidade\/","url":"https:\/\/hidroorfao.pt\/politica-de-qualidade\/","name":"Pol\u00edtica de Qualidade - Hidro Orf\u00e3o - Hydraulic Solutions","isPartOf":{"@id":"https:\/\/hidroorfao.pt\/#website"},"datePublished":"2024-12-19T17:39:30+00:00","dateModified":"2024-12-19T17:41:29+00:00","breadcrumb":{"@id":"https:\/\/hidroorfao.pt\/politica-de-qualidade\/#breadcrumb"},"inLanguage":"en-GB","potentialAction":[{"@type":"ReadAction","target":["https:\/\/hidroorfao.pt\/politica-de-qualidade\/"]}]},{"@type":"BreadcrumbList","@id":"https:\/\/hidroorfao.pt\/politica-de-qualidade\/#breadcrumb","itemListElement":[{"@type":"ListItem","position":1,"name":"In\u00edcio","item":"https:\/\/hidroorfao.pt\/"},{"@type":"ListItem","position":2,"name":"Pol\u00edtica de Qualidade"}]},{"@type":"WebSite","@id":"https:\/\/hidroorfao.pt\/#website","url":"https:\/\/hidroorfao.pt\/","name":"Hidro Orf\u00e3o - Hydraulic Solutions","description":"Empresa especializada \u00f3leo-hidr\u00e1ulica","publisher":{"@id":"https:\/\/hidroorfao.pt\/#organization"},"potentialAction":[{"@type":"SearchAction","target":{"@type":"EntryPoint","urlTemplate":"https:\/\/hidroorfao.pt\/?s={search_term_string}"},"query-input":{"@type":"PropertyValueSpecification","valueRequired":true,"valueName":"search_term_string"}}],"inLanguage":"en-GB"},{"@type":"Organization","@id":"https:\/\/hidroorfao.pt\/#organization","name":"Hidro Orf\u00e3o - Hydraulic Solutions","url":"https:\/\/hidroorfao.pt\/","logo":{"@type":"ImageObject","inLanguage":"en-GB","@id":"https:\/\/hidroorfao.pt\/#\/schema\/logo\/image\/","url":"https:\/\/hidroorfao.pt\/wp-content\/uploads\/2024\/12\/hidro-orfao-webstore-logo-1458256392-1.png","contentUrl":"https:\/\/hidroorfao.pt\/wp-content\/uploads\/2024\/12\/hidro-orfao-webstore-logo-1458256392-1.png","width":224,"height":83,"caption":"Hidro Orf\u00e3o - Hydraulic Solutions"},"image":{"@id":"https:\/\/hidroorfao.pt\/#\/schema\/logo\/image\/"}}]}},"_links":{"self":[{"href":"https:\/\/hidroorfao.pt\/en\/wp-json\/wp\/v2\/pages\/251","targetHints":{"allow":["GET"]}}],"collection":[{"href":"https:\/\/hidroorfao.pt\/en\/wp-json\/wp\/v2\/pages"}],"about":[{"href":"https:\/\/hidroorfao.pt\/en\/wp-json\/wp\/v2\/types\/page"}],"author":[{"embeddable":true,"href":"https:\/\/hidroorfao.pt\/en\/wp-json\/wp\/v2\/users\/1"}],"replies":[{"embeddable":true,"href":"https:\/\/hidroorfao.pt\/en\/wp-json\/wp\/v2\/comments?post=251"}],"version-history":[{"count":3,"href":"https:\/\/hidroorfao.pt\/en\/wp-json\/wp\/v2\/pages\/251\/revisions"}],"predecessor-version":[{"id":255,"href":"https:\/\/hidroorfao.pt\/en\/wp-json\/wp\/v2\/pages\/251\/revisions\/255"}],"wp:attachment":[{"href":"https:\/\/hidroorfao.pt\/en\/wp-json\/wp\/v2\/media?parent=251"}],"curies":[{"name":"wp","href":"https:\/\/api.w.org\/{rel}","templated":true}]}}