{"id":232,"date":"2024-12-19T16:42:52","date_gmt":"2024-12-19T16:42:52","guid":{"rendered":"https:\/\/hidroorfao.pt\/?page_id=232"},"modified":"2024-12-19T16:54:50","modified_gmt":"2024-12-19T16:54:50","slug":"politica-de-privacidade","status":"publish","type":"page","link":"https:\/\/hidroorfao.pt\/en\/politica-de-privacidade\/","title":{"rendered":"Privacy Policy"},"content":{"rendered":"<p>[et_pb_section fb_built=&#8221;1&#8243; _builder_version=&#8221;4.23.1&#8243; _module_preset=&#8221;default&#8221; global_colors_info=&#8221;{}&#8221;][et_pb_row _builder_version=&#8221;4.23.1&#8243; _module_preset=&#8221;default&#8221; global_colors_info=&#8221;{}&#8221;][et_pb_column type=&#8221;4_4&#8243; _builder_version=&#8221;4.23.1&#8243; _module_preset=&#8221;default&#8221; global_colors_info=&#8221;{}&#8221;][et_pb_text _builder_version=&#8221;4.23.1&#8243; _module_preset=&#8221;default&#8221; text_font=&#8221;Montserrat|300|||||||&#8221; text_text_color=&#8221;gcid-5374058b-5515-4102-a43b-354d7cf847dc&#8221; header_font=&#8221;Montserrat|700|||||||&#8221; header_text_color=&#8221;gcid-e8093d5a-79da-47d2-92ff-732e79cb3494&#8243; header_font_size=&#8221;31px&#8221; global_colors_info=&#8221;{%22gcid-5374058b-5515-4102-a43b-354d7cf847dc%22:%91%22text_text_color%22%93,%22gcid-e8093d5a-79da-47d2-92ff-732e79cb3494%22:%91%22header_text_color%22%93}&#8221;]<\/p>\n<p>HIDRO ORF\u00c3O<\/p>\n<h1>Privacy Policy<\/h1>\n<p>[\/et_pb_text][et_pb_text _builder_version=&#8221;4.23.1&#8243; _module_preset=&#8221;default&#8221; text_font=&#8221;Montserrat||||||||&#8221; text_text_color=&#8221;gcid-e8093d5a-79da-47d2-92ff-732e79cb3494&#8243; global_colors_info=&#8221;{%22gcid-e8093d5a-79da-47d2-92ff-732e79cb3494%22:%91%22text_text_color%22%93}&#8221;]<\/p>\n<p data-pm-slice=\"1 1 []\"><span><strong>Data Protection and Privacy Policy<\/strong><\/span><\/p>\n<p data-pm-slice=\"1 1 []\"><span> The use of this website is subject to the Privacy Policy outlined below and complies with the General Data Protection Regulation (GDPR), which governs and ensures the legal processing of personal data of its users. Our Privacy Policy may be subject to changes, so it is recommended to review the respective terms with each use.<\/span><\/p>\n<p><span><strong>Our Policy<\/strong> <\/span><\/p>\n<p><span>Hidro Orf\u00e3o is committed to respecting the confidentiality and the right of its users to be informed about the collection and processing of personal data.<\/span><\/p>\n<p><span>Hidro Orf\u00e3o guarantees that the processing of its users' personal data is carried out in accordance with Portuguese law and the principles of legality, transparency, and integrity. As the data controller, it ensures compliance with these principles.<\/span><\/p>\n<p><span>Hidro Orf\u00e3o is committed to collecting only the data strictly necessary, not exceeding the original purpose for which it was collected, and retaining this data only for the period necessary to provide the service. In this regard, this operation includes sharing information (name, address, and phone number) with our employees so they can complete the order shipment. All Hidro Orf\u00e3o employees are bound by a confidentiality obligation regarding the data they have access to in the course of their duties, and they are informed of the importance of complying with the legal duty of confidentiality and the responsibility for fulfilling this obligation.<\/span><\/p>\n<p><span><strong>Personal Data Processing<\/strong> <\/span><\/p>\n<p><span>Your personal data is collected and processed by Hidro Orf\u00e3o solely for purposes directly related to the use of this website, its services, and the purchase of products. Therefore, your personal data may also be used for other processing operations that are within the scope of these uses.<\/span><\/p>\n<p><span><strong>Disclosure of Personal Data<\/strong> <\/span><\/p>\n<p><span>Your personal data may be disclosed to third parties providing specific services, such as external entities contracted by Hidro Orf\u00e3o. Any disclosure will be made without exceeding the purpose for which your personal data was collected and subsequently processed. Additionally, your personal data may be disclosed to third parties for:<\/span><\/p>\n<p><span>\u2013 Comply with applicable laws;<\/span><\/p>\n<p><span>\u2013 Respond to judicial and governmental inquiries;<\/span><\/p>\n<p><span>\u2013 Comply with valid legal processes;<\/span><\/p>\n<p><span>\u2013 Protect the rights or property of Hidro Orf\u00e3o.<\/span><\/p>\n<p><span>Above all, your personal data will not be disclosed to third parties without your knowledge or consent, when required by law, except in cases provided for in this document.<\/span><\/p>\n<p><span><strong>Use of Cookies<\/strong> <\/span><\/p>\n<p><span>Hidro Orf\u00e3o uses automated data collection systems such as cookies. A cookie is a device transmitted to a user's hard drive that allows the collection of specific information, including, when available, the IP address, operating system, web browser, and system administration. This is statistical information about how the user navigates our website. Only Hidro Orf\u00e3o has access to the information collected by cookies, in an aggregated and anonymous manner, in order to optimize its services and those of this site according to the user's needs and preferences and to personalize the web pages. Therefore, they help us improve our website and provide better and more personalized service. If you configure your browser to block or delete cookies, we cannot guarantee that you will have access to all the features and services offered through this site. We will use cookies for functions such as browsing the catalog and purchasing products online.<\/span><\/p>\n<p><span><strong>Right to Rectification and Erasure<\/strong><\/span><\/p>\n<p><span> You may request at any time the rectification of inaccurate personal data concerning you or the deletion of such data. To do so, please send an email to <\/span><span><a disabled=\"disabled\">geral@hidroorfao.pt<\/a><\/span><span> with your request. You may delete your customer account and related personal data with immediate effect, however, you will lose access to it. Hidro Orf\u00e3o commits to not making any communications from that date onwards. It is noted that, for legally defined reasons, personal data considered strictly necessary will be stored for the period permitted by law, including:<\/span><\/p>\n<p><span>\u2013 For the exercise of freedom of expression and information;<\/span><\/p>\n<p><span>\u2013 To comply with obligations towards the Tax Authority;<\/span><\/p>\n<p><span>\u2013 For the purpose of declaring, exercising, or defending a right in legal proceedings.<\/span><\/p>\n<p><span><strong>Legislation<\/strong> <\/span><\/p>\n<p><span>The processing of personal data by Hidro Orf\u00e3o will be carried out in accordance with the applicable Portuguese law. The purchase and sale contracts of products through this website are governed by Portuguese law.<\/span><\/p>\n<p><span><strong>Notices, Modifications, and Service Cancellation<\/strong> <\/span><\/p>\n<p><span>Hidro Orf\u00e3o may change or update this Privacy Policy, in whole or in part, at any time, even if not required by applicable laws and regulations. All changes and updates will take effect after being published in this section of the website. Therefore, you should regularly access this section of the website to view the updated version of our Privacy Policy.<\/span><\/p>\n<p><span><strong>Intellectual Property Rights<\/strong><\/span><\/p>\n<p><span> All content on this website is the exclusive property of Hidro Orf\u00e3o: texts, images, or any other type of information that does not originate from third parties. As such, they are protected by the Copyright Law. Hidro Orf\u00e3o reserves the right to make changes to this content at any time, without the obligation to provide prior notice to users.<\/span><\/p>\n<p><span><strong>Third-Party Content<\/strong> <\/span><\/p>\n<p><span>This website may contain links to third-party sites (linked websites). Linked websites are not under the control of Hidro Orf\u00e3o, and Hidro Orf\u00e3o is not responsible for the content of any linked website.<\/span><\/p>\n<p>[\/et_pb_text][\/et_pb_column][\/et_pb_row][\/et_pb_section]<\/p>","protected":false},"excerpt":{"rendered":"<p>HIDRO ORF\u00c3O Pol\u00edtica de PrivacidadeProte\u00e7\u00e3o de Dados e Pol\u00edtica de Privacidade A utiliza\u00e7\u00e3o deste website encontra-se sujeita \u00e0 Pol\u00edtica de Privacidade abaixo mencionada e respeita o Regulamento Geral de Prote\u00e7\u00e3o de Dados (RGPD), que regula e assegura o legal tratamento dos dados pessoais dos seus utilizadores. A nossa Pol\u00edtica de Privacidade pode sofrer altera\u00e7\u00f5es, pelo [&hellip;]<\/p>","protected":false},"author":1,"featured_media":0,"parent":0,"menu_order":0,"comment_status":"closed","ping_status":"closed","template":"","meta":{"_et_pb_use_builder":"on","_et_pb_old_content":"","_et_gb_content_width":"","footnotes":""},"class_list":["post-232","page","type-page","status-publish","hentry"],"yoast_head":"<!-- This site is optimized with the Yoast SEO plugin v24.1 - https:\/\/yoast.com\/wordpress\/plugins\/seo\/ -->\n<title>Pol\u00edtica de Privacidade - Hidro Orf\u00e3o - Hydraulic Solutions<\/title>\n<meta name=\"robots\" content=\"index, follow, max-snippet:-1, max-image-preview:large, max-video-preview:-1\" \/>\n<link rel=\"canonical\" href=\"https:\/\/hidroorfao.pt\/en\/politica-de-privacidade\/\" \/>\n<meta property=\"og:locale\" content=\"en_GB\" \/>\n<meta property=\"og:type\" content=\"article\" \/>\n<meta property=\"og:title\" content=\"Pol\u00edtica de Privacidade - Hidro Orf\u00e3o - Hydraulic Solutions\" \/>\n<meta property=\"og:description\" content=\"HIDRO ORF\u00c3O Pol\u00edtica de PrivacidadeProte\u00e7\u00e3o de Dados e Pol\u00edtica de Privacidade A utiliza\u00e7\u00e3o deste website encontra-se sujeita \u00e0 Pol\u00edtica de Privacidade abaixo mencionada e respeita o Regulamento Geral de Prote\u00e7\u00e3o de Dados (RGPD), que regula e assegura o legal tratamento dos dados pessoais dos seus utilizadores. A nossa Pol\u00edtica de Privacidade pode sofrer altera\u00e7\u00f5es, pelo [&hellip;]\" \/>\n<meta property=\"og:url\" content=\"https:\/\/hidroorfao.pt\/en\/politica-de-privacidade\/\" \/>\n<meta property=\"og:site_name\" content=\"Hidro Orf\u00e3o - Hydraulic Solutions\" \/>\n<meta property=\"article:modified_time\" content=\"2024-12-19T16:54:50+00:00\" \/>\n<meta name=\"twitter:card\" content=\"summary_large_image\" \/>\n<meta name=\"twitter:label1\" content=\"Estimated reading time\" \/>\n\t<meta name=\"twitter:data1\" content=\"6 minutes\" \/>\n<script type=\"application\/ld+json\" class=\"yoast-schema-graph\">{\"@context\":\"https:\/\/schema.org\",\"@graph\":[{\"@type\":\"WebPage\",\"@id\":\"https:\/\/hidroorfao.pt\/politica-de-privacidade\/\",\"url\":\"https:\/\/hidroorfao.pt\/politica-de-privacidade\/\",\"name\":\"Pol\u00edtica de Privacidade - Hidro Orf\u00e3o - Hydraulic Solutions\",\"isPartOf\":{\"@id\":\"https:\/\/hidroorfao.pt\/#website\"},\"datePublished\":\"2024-12-19T16:42:52+00:00\",\"dateModified\":\"2024-12-19T16:54:50+00:00\",\"breadcrumb\":{\"@id\":\"https:\/\/hidroorfao.pt\/politica-de-privacidade\/#breadcrumb\"},\"inLanguage\":\"en-GB\",\"potentialAction\":[{\"@type\":\"ReadAction\",\"target\":[\"https:\/\/hidroorfao.pt\/politica-de-privacidade\/\"]}]},{\"@type\":\"BreadcrumbList\",\"@id\":\"https:\/\/hidroorfao.pt\/politica-de-privacidade\/#breadcrumb\",\"itemListElement\":[{\"@type\":\"ListItem\",\"position\":1,\"name\":\"In\u00edcio\",\"item\":\"https:\/\/hidroorfao.pt\/\"},{\"@type\":\"ListItem\",\"position\":2,\"name\":\"Pol\u00edtica de Privacidade\"}]},{\"@type\":\"WebSite\",\"@id\":\"https:\/\/hidroorfao.pt\/#website\",\"url\":\"https:\/\/hidroorfao.pt\/\",\"name\":\"Hidro Orf\u00e3o - Hydraulic Solutions\",\"description\":\"Empresa especializada \u00f3leo-hidr\u00e1ulica\",\"publisher\":{\"@id\":\"https:\/\/hidroorfao.pt\/#organization\"},\"potentialAction\":[{\"@type\":\"SearchAction\",\"target\":{\"@type\":\"EntryPoint\",\"urlTemplate\":\"https:\/\/hidroorfao.pt\/?s={search_term_string}\"},\"query-input\":{\"@type\":\"PropertyValueSpecification\",\"valueRequired\":true,\"valueName\":\"search_term_string\"}}],\"inLanguage\":\"en-GB\"},{\"@type\":\"Organization\",\"@id\":\"https:\/\/hidroorfao.pt\/#organization\",\"name\":\"Hidro Orf\u00e3o - Hydraulic Solutions\",\"url\":\"https:\/\/hidroorfao.pt\/\",\"logo\":{\"@type\":\"ImageObject\",\"inLanguage\":\"en-GB\",\"@id\":\"https:\/\/hidroorfao.pt\/#\/schema\/logo\/image\/\",\"url\":\"https:\/\/hidroorfao.pt\/wp-content\/uploads\/2024\/12\/hidro-orfao-webstore-logo-1458256392-1.png\",\"contentUrl\":\"https:\/\/hidroorfao.pt\/wp-content\/uploads\/2024\/12\/hidro-orfao-webstore-logo-1458256392-1.png\",\"width\":224,\"height\":83,\"caption\":\"Hidro Orf\u00e3o - Hydraulic Solutions\"},\"image\":{\"@id\":\"https:\/\/hidroorfao.pt\/#\/schema\/logo\/image\/\"}}]}<\/script>\n<!-- \/ Yoast SEO plugin. -->","yoast_head_json":{"title":"Pol\u00edtica de Privacidade - Hidro Orf\u00e3o - Hydraulic Solutions","robots":{"index":"index","follow":"follow","max-snippet":"max-snippet:-1","max-image-preview":"max-image-preview:large","max-video-preview":"max-video-preview:-1"},"canonical":"https:\/\/hidroorfao.pt\/en\/politica-de-privacidade\/","og_locale":"en_GB","og_type":"article","og_title":"Pol\u00edtica de Privacidade - Hidro Orf\u00e3o - Hydraulic Solutions","og_description":"HIDRO ORF\u00c3O Pol\u00edtica de PrivacidadeProte\u00e7\u00e3o de Dados e Pol\u00edtica de Privacidade A utiliza\u00e7\u00e3o deste website encontra-se sujeita \u00e0 Pol\u00edtica de Privacidade abaixo mencionada e respeita o Regulamento Geral de Prote\u00e7\u00e3o de Dados (RGPD), que regula e assegura o legal tratamento dos dados pessoais dos seus utilizadores. A nossa Pol\u00edtica de Privacidade pode sofrer altera\u00e7\u00f5es, pelo [&hellip;]","og_url":"https:\/\/hidroorfao.pt\/en\/politica-de-privacidade\/","og_site_name":"Hidro Orf\u00e3o - Hydraulic Solutions","article_modified_time":"2024-12-19T16:54:50+00:00","twitter_card":"summary_large_image","twitter_misc":{"Estimated reading time":"6 minutes"},"schema":{"@context":"https:\/\/schema.org","@graph":[{"@type":"WebPage","@id":"https:\/\/hidroorfao.pt\/politica-de-privacidade\/","url":"https:\/\/hidroorfao.pt\/politica-de-privacidade\/","name":"Pol\u00edtica de Privacidade - Hidro Orf\u00e3o - Hydraulic Solutions","isPartOf":{"@id":"https:\/\/hidroorfao.pt\/#website"},"datePublished":"2024-12-19T16:42:52+00:00","dateModified":"2024-12-19T16:54:50+00:00","breadcrumb":{"@id":"https:\/\/hidroorfao.pt\/politica-de-privacidade\/#breadcrumb"},"inLanguage":"en-GB","potentialAction":[{"@type":"ReadAction","target":["https:\/\/hidroorfao.pt\/politica-de-privacidade\/"]}]},{"@type":"BreadcrumbList","@id":"https:\/\/hidroorfao.pt\/politica-de-privacidade\/#breadcrumb","itemListElement":[{"@type":"ListItem","position":1,"name":"In\u00edcio","item":"https:\/\/hidroorfao.pt\/"},{"@type":"ListItem","position":2,"name":"Pol\u00edtica de Privacidade"}]},{"@type":"WebSite","@id":"https:\/\/hidroorfao.pt\/#website","url":"https:\/\/hidroorfao.pt\/","name":"Hidro Orf\u00e3o - Hydraulic Solutions","description":"Empresa especializada \u00f3leo-hidr\u00e1ulica","publisher":{"@id":"https:\/\/hidroorfao.pt\/#organization"},"potentialAction":[{"@type":"SearchAction","target":{"@type":"EntryPoint","urlTemplate":"https:\/\/hidroorfao.pt\/?s={search_term_string}"},"query-input":{"@type":"PropertyValueSpecification","valueRequired":true,"valueName":"search_term_string"}}],"inLanguage":"en-GB"},{"@type":"Organization","@id":"https:\/\/hidroorfao.pt\/#organization","name":"Hidro Orf\u00e3o - Hydraulic Solutions","url":"https:\/\/hidroorfao.pt\/","logo":{"@type":"ImageObject","inLanguage":"en-GB","@id":"https:\/\/hidroorfao.pt\/#\/schema\/logo\/image\/","url":"https:\/\/hidroorfao.pt\/wp-content\/uploads\/2024\/12\/hidro-orfao-webstore-logo-1458256392-1.png","contentUrl":"https:\/\/hidroorfao.pt\/wp-content\/uploads\/2024\/12\/hidro-orfao-webstore-logo-1458256392-1.png","width":224,"height":83,"caption":"Hidro Orf\u00e3o - Hydraulic Solutions"},"image":{"@id":"https:\/\/hidroorfao.pt\/#\/schema\/logo\/image\/"}}]}},"_links":{"self":[{"href":"https:\/\/hidroorfao.pt\/en\/wp-json\/wp\/v2\/pages\/232","targetHints":{"allow":["GET"]}}],"collection":[{"href":"https:\/\/hidroorfao.pt\/en\/wp-json\/wp\/v2\/pages"}],"about":[{"href":"https:\/\/hidroorfao.pt\/en\/wp-json\/wp\/v2\/types\/page"}],"author":[{"embeddable":true,"href":"https:\/\/hidroorfao.pt\/en\/wp-json\/wp\/v2\/users\/1"}],"replies":[{"embeddable":true,"href":"https:\/\/hidroorfao.pt\/en\/wp-json\/wp\/v2\/comments?post=232"}],"version-history":[{"count":4,"href":"https:\/\/hidroorfao.pt\/en\/wp-json\/wp\/v2\/pages\/232\/revisions"}],"predecessor-version":[{"id":239,"href":"https:\/\/hidroorfao.pt\/en\/wp-json\/wp\/v2\/pages\/232\/revisions\/239"}],"wp:attachment":[{"href":"https:\/\/hidroorfao.pt\/en\/wp-json\/wp\/v2\/media?parent=232"}],"curies":[{"name":"wp","href":"https:\/\/api.w.org\/{rel}","templated":true}]}}