{"id":22,"date":"2024-12-19T11:28:14","date_gmt":"2024-12-19T11:28:14","guid":{"rendered":"https:\/\/hidroorfao.pt\/?page_id=22"},"modified":"2025-02-06T12:11:12","modified_gmt":"2025-02-06T12:11:12","slug":"onde-estamos","status":"publish","type":"page","link":"https:\/\/hidroorfao.pt\/en\/onde-estamos\/","title":{"rendered":"Our Location"},"content":{"rendered":"<p>[et_pb_section fb_built=&#8221;1&#8243; _builder_version=&#8221;4.23.1&#8243; _module_preset=&#8221;default&#8221; global_colors_info=&#8221;{}&#8221;][et_pb_row _builder_version=&#8221;4.23.1&#8243; _module_preset=&#8221;default&#8221; custom_margin=&#8221;-68px|auto||auto||&#8221; global_colors_info=&#8221;{}&#8221;][et_pb_column type=&#8221;4_4&#8243; _builder_version=&#8221;4.23.1&#8243; _module_preset=&#8221;default&#8221; global_colors_info=&#8221;{}&#8221;][et_pb_slider _builder_version=&#8221;4.23.1&#8243; _module_preset=&#8221;default&#8221; background_color=&#8221;#000000&#8243; background_image=&#8221;https:\/\/hidroorfao.pt\/wp-content\/uploads\/2024\/12\/onde.jpg&#8221; background_blend=&#8221;multiply&#8221; custom_padding=&#8221;100px||82px|||&#8221; header_font_size_tablet=&#8221;&#8221; header_font_size_phone=&#8221;32px&#8221; header_font_size_last_edited=&#8221;on|phone&#8221; border_radii=&#8221;on|46px|46px|46px|46px&#8221; global_colors_info=&#8221;{}&#8221;][et_pb_slide heading=&#8221;ONDE ESTAMOS&#8221; button_text=&#8221;Contacte-nos&#8221; button_link=&#8221;https:\/\/hidroorfao.pt\/onde-estamos\/#2&#8243; _builder_version=&#8221;4.23.1&#8243; _module_preset=&#8221;default&#8221; header_font=&#8221;Montserrat|700|||||||&#8221; body_font=&#8221;Montserrat|500|||||||&#8221; background_color=&#8221;rgba(0,0,0,0.18)&#8221; background_enable_color=&#8221;on&#8221; custom_button=&#8221;on&#8221; button_text_size=&#8221;14px&#8221; button_text_color=&#8221;#FFFFFF&#8221; button_bg_color=&#8221;gcid-5374058b-5515-4102-a43b-354d7cf847dc&#8221; button_border_width=&#8221;0px&#8221; button_border_radius=&#8221;65px&#8221; button_font=&#8221;Montserrat|700|||||||&#8221; header_text_shadow_style=&#8221;preset1&#8243; global_colors_info=&#8221;{%22gcid-5374058b-5515-4102-a43b-354d7cf847dc%22:%91%22button_bg_color%22%93}&#8221; sticky_transition=&#8221;on&#8221;][\/et_pb_slide][\/et_pb_slider][\/et_pb_column][\/et_pb_row][et_pb_row column_structure=&#8221;2_5,3_5&#8243; module_class=&#8221;two-col-tab&#8221; _builder_version=&#8221;4.23.1&#8243; _module_preset=&#8221;default&#8221; global_colors_info=&#8221;{}&#8221;][et_pb_column type=&#8221;2_5&#8243; _builder_version=&#8221;4.23.1&#8243; _module_preset=&#8221;default&#8221; global_colors_info=&#8221;{}&#8221;][et_pb_image src=&#8221;https:\/\/hidroorfao.pt\/wp-content\/uploads\/2024\/12\/sede.jpg&#8221; title_text=&#8221;sede&#8221; align=&#8221;center&#8221; disabled_on=&#8221;on|off|off&#8221; _builder_version=&#8221;4.23.1&#8243; _module_preset=&#8221;default&#8221; max_width=&#8221;98%&#8221; global_colors_info=&#8221;{}&#8221;][\/et_pb_image][\/et_pb_column][et_pb_column type=&#8221;3_5&#8243; _builder_version=&#8221;4.23.1&#8243; _module_preset=&#8221;default&#8221; global_colors_info=&#8221;{}&#8221;][et_pb_text _builder_version=&#8221;4.23.1&#8243; _module_preset=&#8221;default&#8221; text_font=&#8221;Montserrat|300|||||||&#8221; text_text_color=&#8221;gcid-5374058b-5515-4102-a43b-354d7cf847dc&#8221; header_font=&#8221;Montserrat|700|||||||&#8221; header_text_color=&#8221;gcid-e8093d5a-79da-47d2-92ff-732e79cb3494&#8243; header_font_size=&#8221;31px&#8221; header_2_font=&#8221;Montserrat||||||||&#8221; header_2_text_color=&#8221;gcid-e8093d5a-79da-47d2-92ff-732e79cb3494&#8243; header_2_font_size=&#8221;15px&#8221; header_2_line_height=&#8221;1.5em&#8221; max_width=&#8221;75%&#8221; max_width_tablet=&#8221;75%&#8221; max_width_phone=&#8221;90%&#8221; max_width_last_edited=&#8221;on|phone&#8221; custom_margin=&#8221;||12px|||&#8221; hover_enabled=&#8221;0&#8243; header_font_size_tablet=&#8221;31px&#8221; header_font_size_phone=&#8221;23px&#8221; header_font_size_last_edited=&#8221;on|phone&#8221; global_colors_info=&#8221;{%22gcid-5374058b-5515-4102-a43b-354d7cf847dc%22:%91%22text_text_color%22%93,%22gcid-e8093d5a-79da-47d2-92ff-732e79cb3494%22:%91%22header_text_color%22,%22header_2_text_color%22%93}&#8221; sticky_enabled=&#8221;0&#8243;]<\/p>\n<p>LOCATION 1<\/p>\n<h1>Hidro Orf\u00e3o Headquarters<\/h1>\n<h2>Rua Dion\u00edsio Rodrigues, n\u00ba 110\u00a0Marinheiros<br \/>2415-801\u00a0Leiria<\/h2>\n<p>&nbsp;<\/p>\n<h2>Email: <a href=\"mailto:geral@hidroorfao.pt\">geral@hidroorfao.pt\u2028\u2028<\/a><br \/>Phone: +351 244 882 110<\/h2>\n<h2><\/h2>\n<h2><\/h2>\n<h2>Opening Hours<br \/>Monday to Friday 09:00 \u2013 13:00 | 14:30 \u2013 18:30<br \/>Closed Saturday and Sunday<\/h2>\n<h2><\/h2>\n<p>[\/et_pb_text][et_pb_button button_url=&#8221;https:\/\/maps.app.goo.gl\/yJGms3VRfVfbMxAS8&#8243; button_text=&#8221;Mapa&#8221; _builder_version=&#8221;4.23.1&#8243; _module_preset=&#8221;default&#8221; custom_button=&#8221;on&#8221; button_text_size=&#8221;15px&#8221; button_text_color=&#8221;#FFFFFF&#8221; button_bg_color=&#8221;gcid-562337e1-c0ce-4688-a265-d93a1b4ad922&#8243; button_border_width=&#8221;0px&#8221; button_border_radius=&#8221;21px&#8221; button_font=&#8221;Montserrat|700|||||||&#8221; global_colors_info=&#8221;{%22gcid-562337e1-c0ce-4688-a265-d93a1b4ad922%22:%91%22button_bg_color%22%93}&#8221;][\/et_pb_button][\/et_pb_column][\/et_pb_row][\/et_pb_section][et_pb_section fb_built=&#8221;1&#8243; _builder_version=&#8221;4.23.1&#8243; _module_preset=&#8221;default&#8221; background_color=&#8221;#f5f5f5&#8243; global_colors_info=&#8221;{}&#8221;][et_pb_row column_structure=&#8221;3_5,2_5&#8243; module_class=&#8221;two-col-tab&#8221; _builder_version=&#8221;4.23.1&#8243; _module_preset=&#8221;default&#8221; global_colors_info=&#8221;{}&#8221;][et_pb_column type=&#8221;3_5&#8243; _builder_version=&#8221;4.23.1&#8243; _module_preset=&#8221;default&#8221; global_colors_info=&#8221;{}&#8221;][et_pb_text _builder_version=&#8221;4.23.1&#8243; _module_preset=&#8221;default&#8221; text_font=&#8221;Montserrat|300|||||||&#8221; text_text_color=&#8221;gcid-5374058b-5515-4102-a43b-354d7cf847dc&#8221; header_font=&#8221;Montserrat|700|||||||&#8221; header_text_color=&#8221;gcid-e8093d5a-79da-47d2-92ff-732e79cb3494&#8243; header_font_size=&#8221;31px&#8221; header_2_font=&#8221;Montserrat||||||||&#8221; header_2_text_color=&#8221;gcid-e8093d5a-79da-47d2-92ff-732e79cb3494&#8243; header_2_font_size=&#8221;15px&#8221; header_2_line_height=&#8221;1.5em&#8221; max_width=&#8221;97%&#8221; custom_margin=&#8221;||12px|||&#8221; custom_margin_tablet=&#8221;||12px|||&#8221; custom_margin_phone=&#8221;||-6px||false|false&#8221; custom_margin_last_edited=&#8221;on|phone&#8221; custom_padding=&#8221;|||32px|false|false&#8221; custom_padding_tablet=&#8221;|||32px|false|false&#8221; custom_padding_phone=&#8221;|||8px|false|false&#8221; custom_padding_last_edited=&#8221;on|phone&#8221; header_font_size_tablet=&#8221;31px&#8221; header_font_size_phone=&#8221;23px&#8221; header_font_size_last_edited=&#8221;on|phone&#8221; global_colors_info=&#8221;{%22gcid-5374058b-5515-4102-a43b-354d7cf847dc%22:%91%22text_text_color%22%93,%22gcid-e8093d5a-79da-47d2-92ff-732e79cb3494%22:%91%22header_text_color%22,%22header_2_text_color%22%93}&#8221;]<\/p>\n<p>LOCATION 2<\/p>\n<h1>Hifro Orf\u00e3o North<\/h1>\n<h2>Travessa da Vit\u00f3ria, n\u00ba 221<br \/>4475-174\u00a0Maia<\/h2>\n<h2>Email: <a href=\"mailto:norte@hidroorfao.pt\">norte@hidroorfao.pt\u2028<\/a><br \/>Phone: +351 221 450 255<\/h2>\n<p>&nbsp;<\/p>\n<h2>Opening Hours<br \/>Monday to Friday 09:00 \u2013 13:00 | 14:30 \u2013 18:30<br \/>Closed Saturday and Sunday<\/h2>\n<h2><\/h2>\n<h2><\/h2>\n<h2><\/h2>\n<p>[\/et_pb_text][et_pb_button button_url=&#8221;https:\/\/maps.app.goo.gl\/jNepAR8QT8QmQnev9&#8243; button_text=&#8221;Mapa&#8221; _builder_version=&#8221;4.23.1&#8243; _module_preset=&#8221;default&#8221; custom_button=&#8221;on&#8221; button_text_size=&#8221;15px&#8221; button_text_color=&#8221;#FFFFFF&#8221; button_bg_color=&#8221;gcid-562337e1-c0ce-4688-a265-d93a1b4ad922&#8243; button_border_width=&#8221;0px&#8221; button_border_radius=&#8221;21px&#8221; button_font=&#8221;Montserrat|700|||||||&#8221; custom_margin=&#8221;|||27px|false|false&#8221; custom_margin_tablet=&#8221;|||27px|false|false&#8221; custom_margin_phone=&#8221;|||10px|false|false&#8221; custom_margin_last_edited=&#8221;on|phone&#8221; global_colors_info=&#8221;{%22gcid-562337e1-c0ce-4688-a265-d93a1b4ad922%22:%91%22button_bg_color%22%93}&#8221;][\/et_pb_button][\/et_pb_column][et_pb_column type=&#8221;2_5&#8243; _builder_version=&#8221;4.23.1&#8243; _module_preset=&#8221;default&#8221; global_colors_info=&#8221;{}&#8221;][et_pb_image src=&#8221;https:\/\/hidroorfao.pt\/wp-content\/uploads\/2024\/12\/norte.jpg&#8221; title_text=&#8221;norte&#8221; align=&#8221;center&#8221; _builder_version=&#8221;4.23.1&#8243; _module_preset=&#8221;default&#8221; max_width=&#8221;98%&#8221; global_colors_info=&#8221;{}&#8221;][\/et_pb_image][\/et_pb_column][\/et_pb_row][\/et_pb_section][et_pb_section fb_built=&#8221;1&#8243; _builder_version=&#8221;4.23.1&#8243; _module_preset=&#8221;default&#8221; global_colors_info=&#8221;{}&#8221;][et_pb_row _builder_version=&#8221;4.23.1&#8243; _module_preset=&#8221;default&#8221; global_colors_info=&#8221;{}&#8221;][et_pb_column type=&#8221;4_4&#8243; _builder_version=&#8221;4.23.1&#8243; _module_preset=&#8221;default&#8221; global_colors_info=&#8221;{}&#8221;][et_pb_text module_id=&#8221;2&#8243; _builder_version=&#8221;4.23.1&#8243; _module_preset=&#8221;default&#8221; text_font=&#8221;Montserrat|300|||||||&#8221; text_text_color=&#8221;gcid-5374058b-5515-4102-a43b-354d7cf847dc&#8221; header_font=&#8221;Montserrat|700|||||||&#8221; header_text_color=&#8221;gcid-e8093d5a-79da-47d2-92ff-732e79cb3494&#8243; header_font_size=&#8221;31px&#8221; header_2_font=&#8221;Montserrat||||||||&#8221; header_2_text_color=&#8221;gcid-e8093d5a-79da-47d2-92ff-732e79cb3494&#8243; header_2_font_size=&#8221;15px&#8221; header_2_line_height=&#8221;1.5em&#8221; max_width=&#8221;100%&#8221; custom_margin=&#8221;||||false|false&#8221; header_font_size_tablet=&#8221;31px&#8221; header_font_size_phone=&#8221;23px&#8221; header_font_size_last_edited=&#8221;on|phone&#8221; global_colors_info=&#8221;{%22gcid-5374058b-5515-4102-a43b-354d7cf847dc%22:%91%22text_text_color%22%93,%22gcid-e8093d5a-79da-47d2-92ff-732e79cb3494%22:%91%22header_text_color%22,%22header_2_text_color%22%93}&#8221;]<\/p>\n<p>CONTACT US<\/p>\n<h1>Fill out the Form<\/h1>\n<p>[\/et_pb_text][et_pb_contact_form submit_button_text=&#8221;Enviar&#8221; _builder_version=&#8221;4.23.1&#8243; _module_preset=&#8221;default&#8221; _unique_id=&#8221;9230ac5f-81b1-4f86-9079-f80a3501d985&#8243; form_field_background_color=&#8221;gcid-7462d61f-5bca-42b3-b8fc-df3bf0f76678&#8243; form_field_text_color=&#8221;gcid-e8093d5a-79da-47d2-92ff-732e79cb3494&#8243; form_field_focus_background_color=&#8221;rgba(0,0,0,0.2)&#8221; form_field_font=&#8221;Montserrat||||||||&#8221; custom_button=&#8221;on&#8221; button_text_size=&#8221;15px&#8221; button_text_color=&#8221;#FFFFFF&#8221; button_bg_color=&#8221;gcid-5374058b-5515-4102-a43b-354d7cf847dc&#8221; button_border_width=&#8221;0px&#8221; button_border_radius=&#8221;42px&#8221; button_font=&#8221;Montserrat|700|||||||&#8221; border_radii=&#8221;on|22px|22px|22px|22px&#8221; global_colors_info=&#8221;{%22gcid-7462d61f-5bca-42b3-b8fc-df3bf0f76678%22:%91%22form_field_background_color%22%93,%22gcid-e8093d5a-79da-47d2-92ff-732e79cb3494%22:%91%22form_field_text_color%22%93,%22gcid-5374058b-5515-4102-a43b-354d7cf847dc%22:%91%22button_bg_color%22%93}&#8221;][et_pb_contact_field field_id=&#8221;Nome&#8221; field_title=&#8221;Nome&#8221; _builder_version=&#8221;4.23.1&#8243; global_colors_info=&#8221;{}&#8221; button_text_size__hover_enabled=&#8221;off&#8221; button_one_text_size__hover_enabled=&#8221;off&#8221; button_two_text_size__hover_enabled=&#8221;off&#8221; button_text_color__hover_enabled=&#8221;off&#8221; button_one_text_color__hover_enabled=&#8221;off&#8221; button_two_text_color__hover_enabled=&#8221;off&#8221; button_border_width__hover_enabled=&#8221;off&#8221; button_one_border_width__hover_enabled=&#8221;off&#8221; button_two_border_width__hover_enabled=&#8221;off&#8221; button_border_color__hover_enabled=&#8221;off&#8221; button_one_border_color__hover_enabled=&#8221;off&#8221; button_two_border_color__hover_enabled=&#8221;off&#8221; button_border_radius__hover_enabled=&#8221;off&#8221; button_one_border_radius__hover_enabled=&#8221;off&#8221; button_two_border_radius__hover_enabled=&#8221;off&#8221; button_letter_spacing__hover_enabled=&#8221;off&#8221; button_one_letter_spacing__hover_enabled=&#8221;off&#8221; button_two_letter_spacing__hover_enabled=&#8221;off&#8221; button_bg_color__hover_enabled=&#8221;off&#8221; button_one_bg_color__hover_enabled=&#8221;off&#8221; button_two_bg_color__hover_enabled=&#8221;off&#8221;][\/et_pb_contact_field][et_pb_contact_field field_id=&#8221;Email&#8221; field_title=&#8221;Email&#8221; field_type=&#8221;email&#8221; _builder_version=&#8221;4.23.1&#8243; global_colors_info=&#8221;{}&#8221; button_text_size__hover_enabled=&#8221;off&#8221; button_one_text_size__hover_enabled=&#8221;off&#8221; button_two_text_size__hover_enabled=&#8221;off&#8221; button_text_color__hover_enabled=&#8221;off&#8221; button_one_text_color__hover_enabled=&#8221;off&#8221; button_two_text_color__hover_enabled=&#8221;off&#8221; button_border_width__hover_enabled=&#8221;off&#8221; button_one_border_width__hover_enabled=&#8221;off&#8221; button_two_border_width__hover_enabled=&#8221;off&#8221; button_border_color__hover_enabled=&#8221;off&#8221; button_one_border_color__hover_enabled=&#8221;off&#8221; button_two_border_color__hover_enabled=&#8221;off&#8221; button_border_radius__hover_enabled=&#8221;off&#8221; button_one_border_radius__hover_enabled=&#8221;off&#8221; button_two_border_radius__hover_enabled=&#8221;off&#8221; button_letter_spacing__hover_enabled=&#8221;off&#8221; button_one_letter_spacing__hover_enabled=&#8221;off&#8221; button_two_letter_spacing__hover_enabled=&#8221;off&#8221; button_bg_color__hover_enabled=&#8221;off&#8221; button_one_bg_color__hover_enabled=&#8221;off&#8221; button_two_bg_color__hover_enabled=&#8221;off&#8221;][\/et_pb_contact_field][et_pb_contact_field field_id=&#8221;M&#8221; field_title=&#8221;Mensagem&#8221; field_type=&#8221;text&#8221; fullwidth_field=&#8221;on&#8221; _builder_version=&#8221;4.23.1&#8243; global_colors_info=&#8221;{}&#8221; button_text_size__hover_enabled=&#8221;off&#8221; button_one_text_size__hover_enabled=&#8221;off&#8221; button_two_text_size__hover_enabled=&#8221;off&#8221; button_text_color__hover_enabled=&#8221;off&#8221; button_one_text_color__hover_enabled=&#8221;off&#8221; button_two_text_color__hover_enabled=&#8221;off&#8221; button_border_width__hover_enabled=&#8221;off&#8221; button_one_border_width__hover_enabled=&#8221;off&#8221; button_two_border_width__hover_enabled=&#8221;off&#8221; button_border_color__hover_enabled=&#8221;off&#8221; button_one_border_color__hover_enabled=&#8221;off&#8221; button_two_border_color__hover_enabled=&#8221;off&#8221; button_border_radius__hover_enabled=&#8221;off&#8221; button_one_border_radius__hover_enabled=&#8221;off&#8221; button_two_border_radius__hover_enabled=&#8221;off&#8221; button_letter_spacing__hover_enabled=&#8221;off&#8221; button_one_letter_spacing__hover_enabled=&#8221;off&#8221; button_two_letter_spacing__hover_enabled=&#8221;off&#8221; button_bg_color__hover_enabled=&#8221;off&#8221; button_one_bg_color__hover_enabled=&#8221;off&#8221; button_two_bg_color__hover_enabled=&#8221;off&#8221;][\/et_pb_contact_field][et_pb_contact_field field_id=&#8221;PP&#8221; field_title=&#8221;Pol\u00edtica de Privacidade&#8221; field_type=&#8221;radio&#8221; radio_options=&#8221;%91{%22value%22:%22Li e concordo com a %22,%22checked%22:0,%22dragID%22:-1,%22link_url%22:%22https:\/\/hidroorfao.pt\/politica-de-privacidade\/%22,%22link_text%22:%22Pol\u00edtica de Privacidade%22}%93&#8243; fullwidth_field=&#8221;on&#8221; _builder_version=&#8221;4.23.1&#8243; _module_preset=&#8221;default&#8221; global_colors_info=&#8221;{}&#8221;][\/et_pb_contact_field][\/et_pb_contact_form][\/et_pb_column][\/et_pb_row][\/et_pb_section]<\/p>","protected":false},"excerpt":{"rendered":"<p>LOCALIZA\u00c7\u00c3O 1 Hidro Orf\u00e3o Sede Rua Dion\u00edsio Rodrigues, n\u00ba 110\u00a0Marinheiros2415-801\u00a0Leiria &nbsp; Email: geral@hidroorfao.pt\u2028\u2028Telefone: +351 244 882 110 Hor\u00e1rioDe Segunda a Sexta 09:00 &#8211; 13:00 | 14:30 &#8211; 18:30S\u00e1bado e Domingo Encerrado LOCALIZA\u00c7\u00c3O 2 Hidro Orf\u00e3o Norte Travessa da Vit\u00f3ria, n\u00ba 2214475-174\u00a0Maia Email: norte@hidroorfao.pt\u2028Telefone: +351 221 450 255 &nbsp; Hor\u00e1rioDe Segunda a Sexta 09:00 &#8211; 13:00 [&hellip;]<\/p>","protected":false},"author":1,"featured_media":0,"parent":0,"menu_order":0,"comment_status":"closed","ping_status":"closed","template":"","meta":{"_et_pb_use_builder":"on","_et_pb_old_content":"<!-- wp:divi\/placeholder \/-->","_et_gb_content_width":"","footnotes":""},"class_list":["post-22","page","type-page","status-publish","hentry"],"yoast_head":"<!-- This site is optimized with the Yoast SEO plugin v24.1 - https:\/\/yoast.com\/wordpress\/plugins\/seo\/ -->\n<title>Onde Estamos | Hidro Orf\u00e3o<\/title>\n<meta name=\"description\" content=\"Conhe\u00e7a as nossas localiza\u00e7\u00f5es. Veja a empresa de solu\u00e7\u00f5es hidr\u00e1ulicas mais perto de si ou entre em contacto connosco.\" \/>\n<meta name=\"robots\" content=\"index, follow, max-snippet:-1, max-image-preview:large, max-video-preview:-1\" \/>\n<link rel=\"canonical\" href=\"https:\/\/hidroorfao.pt\/en\/onde-estamos\/\" \/>\n<meta property=\"og:locale\" content=\"en_GB\" \/>\n<meta property=\"og:type\" content=\"article\" \/>\n<meta property=\"og:title\" content=\"Onde Estamos | Hidro Orf\u00e3o\" \/>\n<meta property=\"og:description\" content=\"Conhe\u00e7a as nossas localiza\u00e7\u00f5es. Veja a empresa de solu\u00e7\u00f5es hidr\u00e1ulicas mais perto de si ou entre em contacto connosco.\" \/>\n<meta property=\"og:url\" content=\"https:\/\/hidroorfao.pt\/en\/onde-estamos\/\" \/>\n<meta property=\"og:site_name\" content=\"Hidro Orf\u00e3o - Hydraulic Solutions\" \/>\n<meta property=\"article:modified_time\" content=\"2025-02-06T12:11:12+00:00\" \/>\n<meta name=\"twitter:card\" content=\"summary_large_image\" \/>\n<meta name=\"twitter:label1\" content=\"Estimated reading time\" \/>\n\t<meta name=\"twitter:data1\" content=\"1 minute\" \/>\n<script type=\"application\/ld+json\" class=\"yoast-schema-graph\">{\"@context\":\"https:\/\/schema.org\",\"@graph\":[{\"@type\":\"WebPage\",\"@id\":\"https:\/\/hidroorfao.pt\/onde-estamos\/\",\"url\":\"https:\/\/hidroorfao.pt\/onde-estamos\/\",\"name\":\"Onde Estamos | Hidro Orf\u00e3o\",\"isPartOf\":{\"@id\":\"https:\/\/hidroorfao.pt\/#website\"},\"datePublished\":\"2024-12-19T11:28:14+00:00\",\"dateModified\":\"2025-02-06T12:11:12+00:00\",\"description\":\"Conhe\u00e7a as nossas localiza\u00e7\u00f5es. Veja a empresa de solu\u00e7\u00f5es hidr\u00e1ulicas mais perto de si ou entre em contacto connosco.\",\"breadcrumb\":{\"@id\":\"https:\/\/hidroorfao.pt\/onde-estamos\/#breadcrumb\"},\"inLanguage\":\"en-GB\",\"potentialAction\":[{\"@type\":\"ReadAction\",\"target\":[\"https:\/\/hidroorfao.pt\/onde-estamos\/\"]}]},{\"@type\":\"BreadcrumbList\",\"@id\":\"https:\/\/hidroorfao.pt\/onde-estamos\/#breadcrumb\",\"itemListElement\":[{\"@type\":\"ListItem\",\"position\":1,\"name\":\"In\u00edcio\",\"item\":\"https:\/\/hidroorfao.pt\/\"},{\"@type\":\"ListItem\",\"position\":2,\"name\":\"Onde Estamos\"}]},{\"@type\":\"WebSite\",\"@id\":\"https:\/\/hidroorfao.pt\/#website\",\"url\":\"https:\/\/hidroorfao.pt\/\",\"name\":\"Hidro Orf\u00e3o - Hydraulic Solutions\",\"description\":\"Empresa especializada \u00f3leo-hidr\u00e1ulica\",\"publisher\":{\"@id\":\"https:\/\/hidroorfao.pt\/#organization\"},\"potentialAction\":[{\"@type\":\"SearchAction\",\"target\":{\"@type\":\"EntryPoint\",\"urlTemplate\":\"https:\/\/hidroorfao.pt\/?s={search_term_string}\"},\"query-input\":{\"@type\":\"PropertyValueSpecification\",\"valueRequired\":true,\"valueName\":\"search_term_string\"}}],\"inLanguage\":\"en-GB\"},{\"@type\":\"Organization\",\"@id\":\"https:\/\/hidroorfao.pt\/#organization\",\"name\":\"Hidro Orf\u00e3o - Hydraulic Solutions\",\"url\":\"https:\/\/hidroorfao.pt\/\",\"logo\":{\"@type\":\"ImageObject\",\"inLanguage\":\"en-GB\",\"@id\":\"https:\/\/hidroorfao.pt\/#\/schema\/logo\/image\/\",\"url\":\"https:\/\/hidroorfao.pt\/wp-content\/uploads\/2024\/12\/hidro-orfao-webstore-logo-1458256392-1.png\",\"contentUrl\":\"https:\/\/hidroorfao.pt\/wp-content\/uploads\/2024\/12\/hidro-orfao-webstore-logo-1458256392-1.png\",\"width\":224,\"height\":83,\"caption\":\"Hidro Orf\u00e3o - Hydraulic Solutions\"},\"image\":{\"@id\":\"https:\/\/hidroorfao.pt\/#\/schema\/logo\/image\/\"}}]}<\/script>\n<!-- \/ Yoast SEO plugin. -->","yoast_head_json":{"title":"Onde Estamos | Hidro Orf\u00e3o","description":"Conhe\u00e7a as nossas localiza\u00e7\u00f5es. Veja a empresa de solu\u00e7\u00f5es hidr\u00e1ulicas mais perto de si ou entre em contacto connosco.","robots":{"index":"index","follow":"follow","max-snippet":"max-snippet:-1","max-image-preview":"max-image-preview:large","max-video-preview":"max-video-preview:-1"},"canonical":"https:\/\/hidroorfao.pt\/en\/onde-estamos\/","og_locale":"en_GB","og_type":"article","og_title":"Onde Estamos | Hidro Orf\u00e3o","og_description":"Conhe\u00e7a as nossas localiza\u00e7\u00f5es. Veja a empresa de solu\u00e7\u00f5es hidr\u00e1ulicas mais perto de si ou entre em contacto connosco.","og_url":"https:\/\/hidroorfao.pt\/en\/onde-estamos\/","og_site_name":"Hidro Orf\u00e3o - Hydraulic Solutions","article_modified_time":"2025-02-06T12:11:12+00:00","twitter_card":"summary_large_image","twitter_misc":{"Estimated reading time":"1 minute"},"schema":{"@context":"https:\/\/schema.org","@graph":[{"@type":"WebPage","@id":"https:\/\/hidroorfao.pt\/onde-estamos\/","url":"https:\/\/hidroorfao.pt\/onde-estamos\/","name":"Onde Estamos | Hidro Orf\u00e3o","isPartOf":{"@id":"https:\/\/hidroorfao.pt\/#website"},"datePublished":"2024-12-19T11:28:14+00:00","dateModified":"2025-02-06T12:11:12+00:00","description":"Conhe\u00e7a as nossas localiza\u00e7\u00f5es. Veja a empresa de solu\u00e7\u00f5es hidr\u00e1ulicas mais perto de si ou entre em contacto connosco.","breadcrumb":{"@id":"https:\/\/hidroorfao.pt\/onde-estamos\/#breadcrumb"},"inLanguage":"en-GB","potentialAction":[{"@type":"ReadAction","target":["https:\/\/hidroorfao.pt\/onde-estamos\/"]}]},{"@type":"BreadcrumbList","@id":"https:\/\/hidroorfao.pt\/onde-estamos\/#breadcrumb","itemListElement":[{"@type":"ListItem","position":1,"name":"In\u00edcio","item":"https:\/\/hidroorfao.pt\/"},{"@type":"ListItem","position":2,"name":"Onde Estamos"}]},{"@type":"WebSite","@id":"https:\/\/hidroorfao.pt\/#website","url":"https:\/\/hidroorfao.pt\/","name":"Hidro Orf\u00e3o - Hydraulic Solutions","description":"Empresa especializada \u00f3leo-hidr\u00e1ulica","publisher":{"@id":"https:\/\/hidroorfao.pt\/#organization"},"potentialAction":[{"@type":"SearchAction","target":{"@type":"EntryPoint","urlTemplate":"https:\/\/hidroorfao.pt\/?s={search_term_string}"},"query-input":{"@type":"PropertyValueSpecification","valueRequired":true,"valueName":"search_term_string"}}],"inLanguage":"en-GB"},{"@type":"Organization","@id":"https:\/\/hidroorfao.pt\/#organization","name":"Hidro Orf\u00e3o - Hydraulic Solutions","url":"https:\/\/hidroorfao.pt\/","logo":{"@type":"ImageObject","inLanguage":"en-GB","@id":"https:\/\/hidroorfao.pt\/#\/schema\/logo\/image\/","url":"https:\/\/hidroorfao.pt\/wp-content\/uploads\/2024\/12\/hidro-orfao-webstore-logo-1458256392-1.png","contentUrl":"https:\/\/hidroorfao.pt\/wp-content\/uploads\/2024\/12\/hidro-orfao-webstore-logo-1458256392-1.png","width":224,"height":83,"caption":"Hidro Orf\u00e3o - Hydraulic Solutions"},"image":{"@id":"https:\/\/hidroorfao.pt\/#\/schema\/logo\/image\/"}}]}},"_links":{"self":[{"href":"https:\/\/hidroorfao.pt\/en\/wp-json\/wp\/v2\/pages\/22","targetHints":{"allow":["GET"]}}],"collection":[{"href":"https:\/\/hidroorfao.pt\/en\/wp-json\/wp\/v2\/pages"}],"about":[{"href":"https:\/\/hidroorfao.pt\/en\/wp-json\/wp\/v2\/types\/page"}],"author":[{"embeddable":true,"href":"https:\/\/hidroorfao.pt\/en\/wp-json\/wp\/v2\/users\/1"}],"replies":[{"embeddable":true,"href":"https:\/\/hidroorfao.pt\/en\/wp-json\/wp\/v2\/comments?post=22"}],"version-history":[{"count":10,"href":"https:\/\/hidroorfao.pt\/en\/wp-json\/wp\/v2\/pages\/22\/revisions"}],"predecessor-version":[{"id":334,"href":"https:\/\/hidroorfao.pt\/en\/wp-json\/wp\/v2\/pages\/22\/revisions\/334"}],"wp:attachment":[{"href":"https:\/\/hidroorfao.pt\/en\/wp-json\/wp\/v2\/media?parent=22"}],"curies":[{"name":"wp","href":"https:\/\/api.w.org\/{rel}","templated":true}]}}